{"id":522,"date":"2024-04-02T14:11:41","date_gmt":"2024-04-02T11:11:41","guid":{"rendered":"https:\/\/colyakvakfi.org\/?page_id=522"},"modified":"2024-04-08T11:10:44","modified_gmt":"2024-04-08T08:10:44","slug":"uye-gonullu-formu","status":"publish","type":"page","link":"https:\/\/otoson.com.tr\/demo\/uye-gonullu-formu\/","title":{"rendered":"\u00dcyelik \/ G\u00f6n\u00fcll\u00fcl\u00fck"},"content":{"rendered":"\t\t<div data-elementor-type=\"wp-page\" data-elementor-id=\"522\" class=\"elementor elementor-522\">\n\t\t\t\t\t\t<section class=\"penci-section penci-dmcheck penci-elbg-activate penci-disSticky penci-structure-20 elementor-section elementor-top-section elementor-element elementor-element-a35cdc8 elementor-section-boxed elementor-section-height-default elementor-section-height-default\" data-id=\"a35cdc8\" data-element_type=\"section\" data-settings=\"{&quot;background_background&quot;:&quot;classic&quot;}\">\n\t\t\t\t\t\t<div class=\"elementor-container elementor-column-gap-no\">\n\t\t\t\t\t<div class=\"penci-ercol-50 penci-ercol-order-1 penci-sticky-ct    elementor-column elementor-col-50 elementor-top-column elementor-element elementor-element-98449f9\" data-id=\"98449f9\" data-element_type=\"column\">\n\t\t\t<div class=\"elementor-widget-wrap elementor-element-populated\">\n\t\t\t\t\t\t<div class=\"elementor-element elementor-element-ce8e4be elementor-widget elementor-widget-penci-fancy_heading\" data-id=\"ce8e4be\" data-element_type=\"widget\" data-widget_type=\"penci-fancy_heading.default\">\n\t\t\t\t<div class=\"elementor-widget-container\">\n\t\t\t\t\t\t\t<div class=\"penci-fancy-heading penci-heading-text-left\">\n\t\t\t<div class=\"penci-fancy-heading-inner\">\n\t\t\t\t<h2 class=\"penci-heading-title\"><span class=\"inner-tit\">\u00dcyelik \/ G\u00f6n\u00fcll\u00fcl\u00fck<\/span><\/h2><div class=\"penci-heading-content entry-content\"><p>A\u015fa\u011f\u0131daki formu doldurarak \u00fccretsiz \u00fcye oldu\u011funuzda etkinliklerimizden haberdar olabilir, sa\u011flad\u0131\u011f\u0131m\u0131z desteklerden faydalanabilirsiniz. Ayr\u0131ca, g\u00f6n\u00fcll\u00fc olursan\u0131z proje ve etkinliklerimizde aktif rol alarak \u00c7\u00f6lyakl\u0131 bireylerin ihtiya\u00e7lar\u0131n\u0131 kar\u015f\u0131lamak \u00fczere katk\u0131da bulunabilirsiniz. <\/p>\n<\/div>\t\t\t<\/div>\n\t\t<\/div>\n\t\t\t\t\t\t<\/div>\n\t\t\t\t<\/div>\n\t\t\t\t\t<\/div>\n\t\t<\/div>\n\t\t\t\t<div class=\"penci-ercol-50 penci-ercol-order-2 penci-sticky-ct    elementor-column elementor-col-50 elementor-top-column elementor-element elementor-element-fe4efb5\" data-id=\"fe4efb5\" data-element_type=\"column\">\n\t\t\t<div class=\"elementor-widget-wrap elementor-element-populated\">\n\t\t\t\t\t\t<div class=\"elementor-element elementor-element-f96245b elementor-align-center elementor-widget elementor-widget-button\" data-id=\"f96245b\" data-element_type=\"widget\" data-widget_type=\"button.default\">\n\t\t\t\t<div class=\"elementor-widget-container\">\n\t\t\t\t\t\t\t\t\t<div class=\"elementor-button-wrapper\">\n\t\t\t\t\t<a class=\"elementor-button elementor-button-link elementor-size-md\" href=\"https:\/\/colyakvakfi.org\/bagis-destek\/\" target=\"_blank\">\n\t\t\t\t\t\t<span class=\"elementor-button-content-wrapper\">\n\t\t\t\t\t\t<span class=\"elementor-button-icon\">\n\t\t\t\t<i aria-hidden=\"true\" class=\"fas fa-lira-sign\"><\/i>\t\t\t<\/span>\n\t\t\t\t\t\t\t\t\t<span class=\"elementor-button-text\">Ba\u011f\u0131\u015f Yap<\/span>\n\t\t\t\t\t<\/span>\n\t\t\t\t\t<\/a>\n\t\t\t\t<\/div>\n\t\t\t\t\t\t\t\t<\/div>\n\t\t\t\t<\/div>\n\t\t\t\t<div class=\"elementor-element elementor-element-6ea6301 elementor-align-center elementor-widget elementor-widget-button\" data-id=\"6ea6301\" data-element_type=\"widget\" data-widget_type=\"button.default\">\n\t\t\t\t<div class=\"elementor-widget-container\">\n\t\t\t\t\t\t\t\t\t<div class=\"elementor-button-wrapper\">\n\t\t\t\t\t<a class=\"elementor-button elementor-button-link elementor-size-md\" href=\"https:\/\/colyakvakfi.org\/iletisim\/\">\n\t\t\t\t\t\t<span class=\"elementor-button-content-wrapper\">\n\t\t\t\t\t\t<span class=\"elementor-button-icon\">\n\t\t\t\t<i aria-hidden=\"true\" class=\"far fa-comment-dots\"><\/i>\t\t\t<\/span>\n\t\t\t\t\t\t\t\t\t<span class=\"elementor-button-text\">\u0130LET\u0130\u015e\u0130ME GE\u00c7<\/span>\n\t\t\t\t\t<\/span>\n\t\t\t\t\t<\/a>\n\t\t\t\t<\/div>\n\t\t\t\t\t\t\t\t<\/div>\n\t\t\t\t<\/div>\n\t\t\t\t\t<\/div>\n\t\t<\/div>\n\t\t\t\t\t<\/div>\n\t\t<\/section>\n\t\t\t\t<section class=\"penci-section penci-disSticky penci-structure-10 elementor-section elementor-top-section elementor-element elementor-element-a297b1a elementor-section-content-middle elementor-section-boxed elementor-section-height-default elementor-section-height-default\" data-id=\"a297b1a\" data-element_type=\"section\">\n\t\t\t\t\t\t<div class=\"elementor-container elementor-column-gap-no\">\n\t\t\t\t\t<div class=\"penci-ercol-100 penci-ercol-order-1 penci-sticky-ct    elementor-column elementor-col-100 elementor-top-column elementor-element elementor-element-34e1c87\" data-id=\"34e1c87\" data-element_type=\"column\">\n\t\t\t<div class=\"elementor-widget-wrap elementor-element-populated\">\n\t\t\t\t\t\t<div class=\"elementor-element elementor-element-9e8f932 elementor-widget__width-initial elementor-widget elementor-widget-shortcode\" data-id=\"9e8f932\" data-element_type=\"widget\" data-widget_type=\"shortcode.default\">\n\t\t\t\t<div class=\"elementor-widget-container\">\n\t\t\t\t\t\t\t<div class=\"elementor-shortcode\">\n<div class=\"wpcf7 no-js\" id=\"wpcf7-f951-o1\" lang=\"en-US\" dir=\"ltr\" data-wpcf7-id=\"951\">\n<div class=\"screen-reader-response\"><p role=\"status\" aria-live=\"polite\" aria-atomic=\"true\"><\/p> <ul><\/ul><\/div>\n<form action=\"\/demo\/wp-json\/wp\/v2\/pages\/522#wpcf7-f951-o1\" method=\"post\" class=\"wpcf7-form init\" aria-label=\"Contact form\" enctype=\"multipart\/form-data\" novalidate=\"novalidate\" data-status=\"init\">\n<div style=\"display: none;\">\n<input type=\"hidden\" name=\"_wpcf7\" value=\"951\" \/>\n<input type=\"hidden\" name=\"_wpcf7_version\" value=\"6.0.6\" \/>\n<input type=\"hidden\" name=\"_wpcf7_locale\" value=\"en_US\" \/>\n<input type=\"hidden\" name=\"_wpcf7_unit_tag\" value=\"wpcf7-f951-o1\" \/>\n<input type=\"hidden\" name=\"_wpcf7_container_post\" value=\"0\" \/>\n<input type=\"hidden\" name=\"_wpcf7_posted_data_hash\" value=\"\" \/>\n<input type=\"hidden\" name=\"_uacf7_hidden_conditional_fields\" value=\"\" \/>\n<input type=\"hidden\" name=\"_wpcf7_recaptcha_response\" value=\"\" \/>\n<\/div>\n<div class=\"uacf7-form-951  \"><div class=\"uacf7-row\">\n<div class=\"uacf7-col-6\"> \n<label> Ad\u0131n\u0131z*\n    <span class=\"wpcf7-form-control-wrap\" data-name=\"Ad\"><input size=\"40\" maxlength=\"30\" minlength=\"2\" class=\"wpcf7-form-control wpcf7-text wpcf7-validates-as-required\" autocomplete=\"firstname\" aria-required=\"true\" aria-invalid=\"false\" value=\"\" type=\"text\" name=\"Ad\" \/><\/span> <\/label><\/div>\n<div class=\"uacf7-col-6\"> \n<label> Soyad\u0131n\u0131z*\n    <span class=\"wpcf7-form-control-wrap\" data-name=\"Soyad\"><input size=\"40\" maxlength=\"30\" minlength=\"2\" class=\"wpcf7-form-control wpcf7-text wpcf7-validates-as-required\" autocomplete=\"lastname\" aria-required=\"true\" aria-invalid=\"false\" value=\"\" type=\"text\" name=\"Soyad\" \/><\/span> <\/label><\/div>\n<\/div>\n<div class=\"uacf7-row\">\n<div class=\"uacf7-col-6\">\n<label> TC Kimlik Numaran\u0131z*\n    <span class=\"wpcf7-form-control-wrap\" data-name=\"TCKN\"><input class=\"wpcf7-form-control wpcf7-number wpcf7-validates-as-required wpcf7-validates-as-number\" min=\"10000000001\" max=\"99999999998\" aria-required=\"true\" aria-invalid=\"false\" value=\"\" type=\"number\" name=\"TCKN\" \/><\/span><\/label><\/div>\n<div class=\"uacf7-col-6\">\n<label> Do\u011fum Tarihiniz*\n    <span class=\"wpcf7-form-control-wrap\" data-name=\"DogumTarihi\"><input class=\"wpcf7-form-control wpcf7-date wpcf7-validates-as-required wpcf7-validates-as-date\" min=\"1930-01-02\" max=\"2026-05-03\" aria-required=\"true\" aria-invalid=\"false\" value=\"\" type=\"date\" name=\"DogumTarihi\" \/><\/span><\/label><\/div>\n<\/div>\n<div class=\"uacf7-row\">\n<div class=\"uacf7-col-6\">\n<label> E-posta Adresiniz*\n    <span class=\"wpcf7-form-control-wrap\" data-name=\"Eposta\"><input size=\"40\" maxlength=\"40\" minlength=\"10\" class=\"wpcf7-form-control wpcf7-email wpcf7-validates-as-required wpcf7-text wpcf7-validates-as-email\" autocomplete=\"email\" aria-required=\"true\" aria-invalid=\"false\" value=\"\" type=\"email\" name=\"Eposta\" \/><\/span> <\/label><\/div>\n<div class=\"uacf7-col-6\">\n<label> Cep Numaran\u0131z*\n    <span class=\"wpcf7-form-control-wrap\" data-name=\"CepTel\"><input size=\"40\" maxlength=\"15\" minlength=\"10\" class=\"wpcf7-form-control wpcf7-tel wpcf7-validates-as-required wpcf7-text wpcf7-validates-as-tel\" aria-required=\"true\" aria-invalid=\"false\" value=\"\" type=\"tel\" name=\"CepTel\" \/><\/span> <\/label><\/div>\n<\/div>\n<div class=\"uacf7-row\">\n<div class=\"uacf7-col-6\">\n<label> Adresiniz*\n    <span class=\"wpcf7-form-control-wrap\" data-name=\"Adres\"><textarea cols=\"40\" rows=\"10\" maxlength=\"60\" minlength=\"10\" class=\"wpcf7-form-control wpcf7-textarea wpcf7-validates-as-required\" aria-required=\"true\" aria-invalid=\"false\" name=\"Adres\"><\/textarea><\/span><\/label><\/div>\n<div class=\"uacf7-col-6\">\n<label> \u0130l\u00e7e*\n    <span class=\"wpcf7-form-control-wrap\" data-name=\"Ilce\"><input size=\"40\" maxlength=\"30\" minlength=\"3\" class=\"wpcf7-form-control wpcf7-text wpcf7-validates-as-required\" aria-required=\"true\" aria-invalid=\"false\" value=\"\" type=\"text\" name=\"Ilce\" \/><\/span><\/label>\n<label> \u0130l*\n    <span class=\"wpcf7-form-control-wrap\" data-name=\"Sehir\"><input size=\"40\" maxlength=\"30\" minlength=\"3\" class=\"wpcf7-form-control wpcf7-text wpcf7-validates-as-required\" aria-required=\"true\" aria-invalid=\"false\" value=\"\" type=\"text\" name=\"Sehir\" \/><\/span><\/label>\n<\/div>\n<\/div>\n\n<div class=\"uacf7-row\">\n<div class=\"uacf7-col-6\">\n<label>Ailemde \u00e7\u00f6lyakl\u0131 birey var.<\/label>\n<span class=\"wpcf7-form-control-wrap\" data-name=\"ColyakliBirey\"><span class=\"wpcf7-form-control wpcf7-radio\"><span class=\"wpcf7-list-item first\"><label><input type=\"radio\" name=\"ColyakliBirey\" value=\"Evet\" \/><span class=\"wpcf7-list-item-label\">Evet<\/span><\/label><\/span><span class=\"wpcf7-list-item last\"><label><input type=\"radio\" name=\"ColyakliBirey\" value=\"Hay\u0131r\" \/><span class=\"wpcf7-list-item-label\">Hay\u0131r<\/span><\/label><\/span><\/span><\/span> \n<div class=\"uacf7_conditional ColyakRaporu\">\n<label>Ailenizdeki \u00e7\u00f6lyakl\u0131 ki\u015fi say\u0131s\u0131n\u0131 belirtiniz.<\/label>\n<span class=\"wpcf7-form-control-wrap\" data-name=\"ColyakliBireySayisi\"><input class=\"wpcf7-form-control wpcf7-number wpcf7-validates-as-number\" min=\"1\" max=\"10\" aria-invalid=\"false\" value=\"1\" type=\"number\" name=\"ColyakliBireySayisi\" \/><\/span>\n<label>L\u00fctfen \u00e7\u00f6lyak raporunuzu y\u00fckleyiniz.<\/label>\n<span class=\"wpcf7-form-control-wrap\" data-name=\"ColyakRaporu\"><input size=\"40\" class=\"wpcf7-form-control wpcf7-file\" accept=\".pdf,.docx\" aria-invalid=\"false\" type=\"file\" name=\"ColyakRaporu\" \/><\/span>\n<\/div>\n<\/div>\n\n<div class=\"uacf7-col-6\">\n<label>\u0130htiya\u00e7 sahibiyim. Desteklerinizden (yard\u0131m kolisi, indirim...vb.) faydalanmak istiyorum.<\/label>\n<span class=\"wpcf7-form-control-wrap\" data-name=\"IhtiyacSahibi\"><span class=\"wpcf7-form-control wpcf7-radio\"><span class=\"wpcf7-list-item first\"><label><input type=\"radio\" name=\"IhtiyacSahibi\" value=\"Evet\" \/><span class=\"wpcf7-list-item-label\">Evet<\/span><\/label><\/span><span class=\"wpcf7-list-item last\"><label><input type=\"radio\" name=\"IhtiyacSahibi\" value=\"Hay\u0131r\" \/><span class=\"wpcf7-list-item-label\">Hay\u0131r<\/span><\/label><\/span><\/span><\/span>\n<div class=\"uacf7_conditional MaddiDurum\">\n<label>L\u00fctfen ihtiya\u00e7 sahibi oldu\u011funuzu g\u00f6steren belgeyi y\u00fckleyiniz.<\/label>\n<span class=\"wpcf7-form-control-wrap\" data-name=\"MaddiDurum\"><input size=\"40\" class=\"wpcf7-form-control wpcf7-file\" accept=\".pdf,.docx\" aria-invalid=\"false\" type=\"file\" name=\"MaddiDurum\" \/><\/span>\n<\/div>\n<\/div>\n<\/div>\n\n<div class=\"uacf7-row\">\n<div class=\"uacf7-col-12\">\n<label>G\u00f6n\u00fcll\u00fc olarak katk\u0131 sunmak istiyorum.<\/label>\n<span class=\"wpcf7-form-control-wrap\" data-name=\"Gonullu\"><span class=\"wpcf7-form-control wpcf7-radio\"><span class=\"wpcf7-list-item first\"><label><input type=\"radio\" name=\"Gonullu\" value=\"Evet\" \/><span class=\"wpcf7-list-item-label\">Evet<\/span><\/label><\/span><span class=\"wpcf7-list-item last\"><label><input type=\"radio\" name=\"Gonullu\" value=\"Hay\u0131r\" \/><span class=\"wpcf7-list-item-label\">Hay\u0131r<\/span><\/label><\/span><\/span><\/span>\n\n<div class=\"uacf7_conditional cndGonullu\">\n<label> \u00c7\u00f6lyak Vakf\u0131'na nas\u0131l katk\u0131da bulunabilirsiniz? (Birden fazla se\u00e7im yapabilirsiniz.) <\/label>\n<div class=\"uacf7-row\">\n<span class=\"wpcf7-form-control-wrap\" data-name=\"chkGonulluluk\"><span class=\"wpcf7-form-control wpcf7-checkbox\"><span class=\"wpcf7-list-item first\"><label><input type=\"checkbox\" name=\"chkGonulluluk[]\" value=\"Mesleki Bilgi Payla\u015f\u0131m\u0131\" \/><span class=\"wpcf7-list-item-label\">Mesleki Bilgi Payla\u015f\u0131m\u0131<\/span><\/label><\/span><span class=\"wpcf7-list-item\"><label><input type=\"checkbox\" name=\"chkGonulluluk[]\" value=\"Etkinlik ve Projelerde Yer Alma\" \/><span class=\"wpcf7-list-item-label\">Etkinlik ve Projelerde Yer Alma<\/span><\/label><\/span><span class=\"wpcf7-list-item\"><label><input type=\"checkbox\" name=\"chkGonulluluk[]\" value=\"Ba\u011f\u0131\u015f Toplama\" \/><span class=\"wpcf7-list-item-label\">Ba\u011f\u0131\u015f Toplama<\/span><\/label><\/span><span class=\"wpcf7-list-item last\"><label><input type=\"checkbox\" name=\"chkGonulluluk[]\" value=\"Di\u011fer\" \/><span class=\"wpcf7-list-item-label\">Di\u011fer<\/span><\/label><\/span><\/span><\/span>\n<\/div>\n<div class=\"uacf7-row\">\n<span class=\"wpcf7-form-control-wrap\" data-name=\"GonullulukSurecKabul\"><span class=\"wpcf7-form-control wpcf7-checkbox\"><span class=\"wpcf7-list-item first last\"><label><input type=\"checkbox\" name=\"GonullulukSurecKabul[]\" value=\"Kanunen, g\u00f6n\u00fcll\u00fc olan ki\u015filere ait foto\u011fraf, adli sicil kay\u0131t belgeleri (e-devletten al\u0131nabilir) ve imzal\u0131 g\u00f6n\u00fcll\u00fc taahh\u00fctnamesinin kay\u0131t alt\u0131nda tutulmas\u0131 gerekti\u011finden, ilgili evraklar\u0131 info@colyakvakfi.org adresine g\u00f6ndermem  gerekti\u011fini, g\u00f6n\u00fcll\u00fcl\u00fck ba\u015fvurumun evraklar\u0131n iletilmesine m\u00fcteakip i\u015fleme al\u0131naca\u011f\u0131n\u0131 anlad\u0131m.*\" \/><span class=\"wpcf7-list-item-label\">Kanunen, g\u00f6n\u00fcll\u00fc olan ki\u015filere ait foto\u011fraf, adli sicil kay\u0131t belgeleri (e-devletten al\u0131nabilir) ve imzal\u0131 g\u00f6n\u00fcll\u00fc taahh\u00fctnamesinin kay\u0131t alt\u0131nda tutulmas\u0131 gerekti\u011finden, ilgili evraklar\u0131 info@colyakvakfi.org adresine g\u00f6ndermem  gerekti\u011fini, g\u00f6n\u00fcll\u00fcl\u00fck ba\u015fvurumun evraklar\u0131n iletilmesine m\u00fcteakip i\u015fleme al\u0131naca\u011f\u0131n\u0131 anlad\u0131m.*<\/span><\/label><\/span><\/span><\/span>\n<\/div>\n<\/div>\n<\/div>\n<\/div>\n\n<div class=\"uacf7-row\"><span class=\"wpcf7-form-control-wrap\" data-name=\"IletisimIzni\"><span class=\"wpcf7-form-control wpcf7-checkbox\"><span class=\"wpcf7-list-item first last\"><label><input type=\"checkbox\" name=\"IletisimIzni[]\" value=\"\u00c7\u00f6lyak Vakf\u0131 taraf\u0131ndan gelecek iletiler i\u00e7in telefon, SMS, e-posta yolu ile ileti\u015fim izni veriyorum.\" \/><span class=\"wpcf7-list-item-label\">\u00c7\u00f6lyak Vakf\u0131 taraf\u0131ndan gelecek iletiler i\u00e7in telefon, SMS, e-posta yolu ile ileti\u015fim izni veriyorum.<\/span><\/label><\/span><\/span><\/span><\/div>\n<label><a href=\"https:\/\/colyakvakfi.org\/iletisim-onay-formu\/\" target=\u201d_blank\u201d>\u0130leti\u015fim Onay Formu<\/a>'nu okudum.<\/label>\n\n<div class=\"uacf7-row\"><span class=\"wpcf7-form-control-wrap\" data-name=\"KVKKKabul\"><span class=\"wpcf7-form-control wpcf7-acceptance\"><span class=\"wpcf7-list-item\"><label><input type=\"checkbox\" name=\"KVKKKabul\" value=\"1\" aria-invalid=\"false\" \/><span class=\"wpcf7-list-item-label\">Verilerimin \u00c7\u00f6lyak Vakf\u0131'n\u0131n <a href=\"https:\/\/colyakvakfi.org\/aydinlatma-metni\/\"  target=\u201d_blank\u201d>Ayd\u0131nlatma Metni<\/a>'ne g\u00f6re i\u015flenece\u011fini ve saklanaca\u011f\u0131n\u0131 anl\u0131yorum, kabul ediyorum. Ayr\u0131ca bu sitenin reCAPTCHA taraf\u0131ndan korundu\u011funu ve Google <a href=\"https:\/\/policies.google.com\/privacy\"  target=\u201d_blank\u201d>Gizlilik Politikas\u0131<\/a> ve <a href=\"https:\/\/policies.google.com\/terms\"  target=\u201d_blank\u201d>Hizmet Kurallar\u0131n\u0131<\/a> uygulad\u0131\u011f\u0131n\u0131 anl\u0131yorum.* <\/div><\/span><\/label><\/span><\/span><\/span>\n\n<br \/>\n<input class=\"wpcf7-form-control wpcf7-submit has-spinner\" type=\"submit\" value=\"G\u00f6nder\" \/>\n<br \/><\/div><p style=\"display: none !important;\" class=\"akismet-fields-container\" data-prefix=\"_wpcf7_ak_\"><label>&#916;<textarea name=\"_wpcf7_ak_hp_textarea\" cols=\"45\" rows=\"8\" maxlength=\"100\"><\/textarea><\/label><input type=\"hidden\" id=\"ak_js_1\" name=\"_wpcf7_ak_js\" value=\"216\"\/><script>document.getElementById( \"ak_js_1\" ).setAttribute( \"value\", ( new Date() ).getTime() );<\/script><\/p><div class=\"wpcf7-response-output\" aria-hidden=\"true\"><\/div>\n<\/form>\n<\/div>\n<\/div>\n\t\t\t\t\t\t<\/div>\n\t\t\t\t<\/div>\n\t\t\t\t\t<\/div>\n\t\t<\/div>\n\t\t\t\t\t<\/div>\n\t\t<\/section>\n\t\t\t\t<\/div>\n\t\t","protected":false},"excerpt":{"rendered":"<p>\u00dcyelik \/ G\u00f6n\u00fcll\u00fcl\u00fck A\u015fa\u011f\u0131daki formu doldurarak \u00fccretsiz \u00fcye oldu\u011funuzda etkinliklerimizden haberdar olabilir, sa\u011flad\u0131\u011f\u0131m\u0131z desteklerden faydalanabilirsiniz. Ayr\u0131ca, g\u00f6n\u00fcll\u00fc olursan\u0131z proje ve etkinliklerimizde aktif rol alarak \u00c7\u00f6lyakl\u0131 bireylerin ihtiya\u00e7lar\u0131n\u0131 kar\u015f\u0131lamak \u00fczere katk\u0131da&hellip;<\/p>\n","protected":false},"author":1,"featured_media":0,"parent":0,"menu_order":0,"comment_status":"closed","ping_status":"closed","template":"page-fullwidth.php","meta":{"give_campaign_id":0,"_lmt_disableupdate":"","_lmt_disable":"","footnotes":""},"class_list":["post-522","page","type-page","status-publish","hentry"],"yoast_head":"<!-- This site is optimized with the Yoast SEO plugin v24.9 - https:\/\/yoast.com\/wordpress\/plugins\/seo\/ -->\n<title>\u00dcyelik \/ G\u00f6n\u00fcll\u00fcl\u00fck - \u00c7\u00f6lyak Vakf\u0131<\/title>\n<meta name=\"robots\" content=\"index, follow, max-snippet:-1, max-image-preview:large, max-video-preview:-1\" \/>\n<link rel=\"canonical\" href=\"https:\/\/otoson.com.tr\/demo\/uye-gonullu-formu\/\" \/>\n<meta property=\"og:locale\" content=\"tr_TR\" \/>\n<meta property=\"og:type\" content=\"article\" \/>\n<meta property=\"og:title\" content=\"\u00dcyelik \/ G\u00f6n\u00fcll\u00fcl\u00fck - \u00c7\u00f6lyak Vakf\u0131\" \/>\n<meta property=\"og:description\" content=\"\u00dcyelik \/ G\u00f6n\u00fcll\u00fcl\u00fck A\u015fa\u011f\u0131daki formu doldurarak \u00fccretsiz \u00fcye oldu\u011funuzda etkinliklerimizden haberdar olabilir, sa\u011flad\u0131\u011f\u0131m\u0131z desteklerden faydalanabilirsiniz. Ayr\u0131ca, g\u00f6n\u00fcll\u00fc olursan\u0131z proje ve etkinliklerimizde aktif rol alarak \u00c7\u00f6lyakl\u0131 bireylerin ihtiya\u00e7lar\u0131n\u0131 kar\u015f\u0131lamak \u00fczere katk\u0131da&hellip;\" \/>\n<meta property=\"og:url\" content=\"https:\/\/otoson.com.tr\/demo\/uye-gonullu-formu\/\" \/>\n<meta property=\"og:site_name\" content=\"\u00c7\u00f6lyak Vakf\u0131\" \/>\n<meta property=\"article:modified_time\" content=\"2024-04-08T08:10:44+00:00\" \/>\n<meta name=\"twitter:card\" content=\"summary_large_image\" \/>\n<meta name=\"twitter:site\" content=\"@colyakvakfi\" \/>\n<meta name=\"twitter:label1\" content=\"Tahmini okuma s\u00fcresi\" \/>\n\t<meta name=\"twitter:data1\" content=\"1 dakika\" \/>\n<script type=\"application\/ld+json\" class=\"yoast-schema-graph\">{\"@context\":\"https:\/\/schema.org\",\"@graph\":[{\"@type\":\"WebPage\",\"@id\":\"https:\/\/otoson.com.tr\/demo\/uye-gonullu-formu\/\",\"url\":\"https:\/\/otoson.com.tr\/demo\/uye-gonullu-formu\/\",\"name\":\"\u00dcyelik \/ G\u00f6n\u00fcll\u00fcl\u00fck - \u00c7\u00f6lyak Vakf\u0131\",\"isPartOf\":{\"@id\":\"https:\/\/otoson.com.tr\/demo\/#website\"},\"datePublished\":\"2024-04-02T11:11:41+00:00\",\"dateModified\":\"2024-04-08T08:10:44+00:00\",\"breadcrumb\":{\"@id\":\"https:\/\/otoson.com.tr\/demo\/uye-gonullu-formu\/#breadcrumb\"},\"inLanguage\":\"tr\",\"potentialAction\":[{\"@type\":\"ReadAction\",\"target\":[\"https:\/\/otoson.com.tr\/demo\/uye-gonullu-formu\/\"]}]},{\"@type\":\"BreadcrumbList\",\"@id\":\"https:\/\/otoson.com.tr\/demo\/uye-gonullu-formu\/#breadcrumb\",\"itemListElement\":[{\"@type\":\"ListItem\",\"position\":1,\"name\":\"Ana Sayfa\",\"item\":\"https:\/\/otoson.com.tr\/demo\/\"},{\"@type\":\"ListItem\",\"position\":2,\"name\":\"\u00dcyelik \/ G\u00f6n\u00fcll\u00fcl\u00fck\"}]},{\"@type\":\"WebSite\",\"@id\":\"https:\/\/otoson.com.tr\/demo\/#website\",\"url\":\"https:\/\/otoson.com.tr\/demo\/\",\"name\":\"\u00c7\u00f6lyak Vakf\u0131\",\"description\":\"Her lokmada \u00f6zg\u00fcrl\u00fck, her ad\u0131mda dayan\u0131\u015fma\",\"publisher\":{\"@id\":\"https:\/\/otoson.com.tr\/demo\/#organization\"},\"potentialAction\":[{\"@type\":\"SearchAction\",\"target\":{\"@type\":\"EntryPoint\",\"urlTemplate\":\"https:\/\/otoson.com.tr\/demo\/?s={search_term_string}\"},\"query-input\":{\"@type\":\"PropertyValueSpecification\",\"valueRequired\":true,\"valueName\":\"search_term_string\"}}],\"inLanguage\":\"tr\"},{\"@type\":\"Organization\",\"@id\":\"https:\/\/otoson.com.tr\/demo\/#organization\",\"name\":\"\u00c7\u00f6lyak Vakf\u0131\",\"url\":\"https:\/\/otoson.com.tr\/demo\/\",\"logo\":{\"@type\":\"ImageObject\",\"inLanguage\":\"tr\",\"@id\":\"https:\/\/otoson.com.tr\/demo\/#\/schema\/logo\/image\/\",\"url\":\"https:\/\/colyakvakfi.org\/wp-content\/uploads\/2024\/03\/CVLogo.png\",\"contentUrl\":\"https:\/\/colyakvakfi.org\/wp-content\/uploads\/2024\/03\/CVLogo.png\",\"width\":250,\"height\":250,\"caption\":\"\u00c7\u00f6lyak Vakf\u0131\"},\"image\":{\"@id\":\"https:\/\/otoson.com.tr\/demo\/#\/schema\/logo\/image\/\"},\"sameAs\":[\"https:\/\/x.com\/colyakvakfi\",\"https:\/\/instagram.com\/colyakvakfi\"]}]}<\/script>\n<!-- \/ Yoast SEO plugin. -->","yoast_head_json":{"title":"\u00dcyelik \/ G\u00f6n\u00fcll\u00fcl\u00fck - \u00c7\u00f6lyak Vakf\u0131","robots":{"index":"index","follow":"follow","max-snippet":"max-snippet:-1","max-image-preview":"max-image-preview:large","max-video-preview":"max-video-preview:-1"},"canonical":"https:\/\/otoson.com.tr\/demo\/uye-gonullu-formu\/","og_locale":"tr_TR","og_type":"article","og_title":"\u00dcyelik \/ G\u00f6n\u00fcll\u00fcl\u00fck - \u00c7\u00f6lyak Vakf\u0131","og_description":"\u00dcyelik \/ G\u00f6n\u00fcll\u00fcl\u00fck A\u015fa\u011f\u0131daki formu doldurarak \u00fccretsiz \u00fcye oldu\u011funuzda etkinliklerimizden haberdar olabilir, sa\u011flad\u0131\u011f\u0131m\u0131z desteklerden faydalanabilirsiniz. Ayr\u0131ca, g\u00f6n\u00fcll\u00fc olursan\u0131z proje ve etkinliklerimizde aktif rol alarak \u00c7\u00f6lyakl\u0131 bireylerin ihtiya\u00e7lar\u0131n\u0131 kar\u015f\u0131lamak \u00fczere katk\u0131da&hellip;","og_url":"https:\/\/otoson.com.tr\/demo\/uye-gonullu-formu\/","og_site_name":"\u00c7\u00f6lyak Vakf\u0131","article_modified_time":"2024-04-08T08:10:44+00:00","twitter_card":"summary_large_image","twitter_site":"@colyakvakfi","twitter_misc":{"Tahmini okuma s\u00fcresi":"1 dakika"},"schema":{"@context":"https:\/\/schema.org","@graph":[{"@type":"WebPage","@id":"https:\/\/otoson.com.tr\/demo\/uye-gonullu-formu\/","url":"https:\/\/otoson.com.tr\/demo\/uye-gonullu-formu\/","name":"\u00dcyelik \/ G\u00f6n\u00fcll\u00fcl\u00fck - \u00c7\u00f6lyak Vakf\u0131","isPartOf":{"@id":"https:\/\/otoson.com.tr\/demo\/#website"},"datePublished":"2024-04-02T11:11:41+00:00","dateModified":"2024-04-08T08:10:44+00:00","breadcrumb":{"@id":"https:\/\/otoson.com.tr\/demo\/uye-gonullu-formu\/#breadcrumb"},"inLanguage":"tr","potentialAction":[{"@type":"ReadAction","target":["https:\/\/otoson.com.tr\/demo\/uye-gonullu-formu\/"]}]},{"@type":"BreadcrumbList","@id":"https:\/\/otoson.com.tr\/demo\/uye-gonullu-formu\/#breadcrumb","itemListElement":[{"@type":"ListItem","position":1,"name":"Ana Sayfa","item":"https:\/\/otoson.com.tr\/demo\/"},{"@type":"ListItem","position":2,"name":"\u00dcyelik \/ G\u00f6n\u00fcll\u00fcl\u00fck"}]},{"@type":"WebSite","@id":"https:\/\/otoson.com.tr\/demo\/#website","url":"https:\/\/otoson.com.tr\/demo\/","name":"\u00c7\u00f6lyak Vakf\u0131","description":"Her lokmada \u00f6zg\u00fcrl\u00fck, her ad\u0131mda dayan\u0131\u015fma","publisher":{"@id":"https:\/\/otoson.com.tr\/demo\/#organization"},"potentialAction":[{"@type":"SearchAction","target":{"@type":"EntryPoint","urlTemplate":"https:\/\/otoson.com.tr\/demo\/?s={search_term_string}"},"query-input":{"@type":"PropertyValueSpecification","valueRequired":true,"valueName":"search_term_string"}}],"inLanguage":"tr"},{"@type":"Organization","@id":"https:\/\/otoson.com.tr\/demo\/#organization","name":"\u00c7\u00f6lyak Vakf\u0131","url":"https:\/\/otoson.com.tr\/demo\/","logo":{"@type":"ImageObject","inLanguage":"tr","@id":"https:\/\/otoson.com.tr\/demo\/#\/schema\/logo\/image\/","url":"https:\/\/colyakvakfi.org\/wp-content\/uploads\/2024\/03\/CVLogo.png","contentUrl":"https:\/\/colyakvakfi.org\/wp-content\/uploads\/2024\/03\/CVLogo.png","width":250,"height":250,"caption":"\u00c7\u00f6lyak Vakf\u0131"},"image":{"@id":"https:\/\/otoson.com.tr\/demo\/#\/schema\/logo\/image\/"},"sameAs":["https:\/\/x.com\/colyakvakfi","https:\/\/instagram.com\/colyakvakfi"]}]}},"campaignId":"","_links":{"self":[{"href":"https:\/\/otoson.com.tr\/demo\/wp-json\/wp\/v2\/pages\/522","targetHints":{"allow":["GET"]}}],"collection":[{"href":"https:\/\/otoson.com.tr\/demo\/wp-json\/wp\/v2\/pages"}],"about":[{"href":"https:\/\/otoson.com.tr\/demo\/wp-json\/wp\/v2\/types\/page"}],"author":[{"embeddable":true,"href":"https:\/\/otoson.com.tr\/demo\/wp-json\/wp\/v2\/users\/1"}],"replies":[{"embeddable":true,"href":"https:\/\/otoson.com.tr\/demo\/wp-json\/wp\/v2\/comments?post=522"}],"version-history":[{"count":85,"href":"https:\/\/otoson.com.tr\/demo\/wp-json\/wp\/v2\/pages\/522\/revisions"}],"predecessor-version":[{"id":1003,"href":"https:\/\/otoson.com.tr\/demo\/wp-json\/wp\/v2\/pages\/522\/revisions\/1003"}],"wp:attachment":[{"href":"https:\/\/otoson.com.tr\/demo\/wp-json\/wp\/v2\/media?parent=522"}],"curies":[{"name":"wp","href":"https:\/\/api.w.org\/{rel}","templated":true}]}}