{"id":693,"date":"2024-04-06T12:39:30","date_gmt":"2024-04-06T09:39:30","guid":{"rendered":"https:\/\/colyakvakfi.org\/?page_id=693"},"modified":"2024-04-17T12:30:02","modified_gmt":"2024-04-17T09:30:02","slug":"bagis-destek","status":"publish","type":"page","link":"https:\/\/otoson.com.tr\/demo\/bagis-destek\/","title":{"rendered":"Ba\u011f\u0131\u015f \/ Destek"},"content":{"rendered":"\t\t<div data-elementor-type=\"wp-page\" data-elementor-id=\"693\" class=\"elementor elementor-693\">\n\t\t\t\t\t\t<section class=\"penci-section penci-dmcheck penci-elbg-activate penci-disSticky penci-structure-20 elementor-section elementor-top-section elementor-element elementor-element-61ca98d elementor-section-boxed elementor-section-height-default elementor-section-height-default\" data-id=\"61ca98d\" data-element_type=\"section\" data-settings=\"{&quot;background_background&quot;:&quot;classic&quot;}\">\n\t\t\t\t\t\t<div class=\"elementor-container elementor-column-gap-no\">\n\t\t\t\t\t<div class=\"penci-ercol-50 penci-ercol-order-1 penci-sticky-ct    elementor-column elementor-col-50 elementor-top-column elementor-element elementor-element-6651af8\" data-id=\"6651af8\" data-element_type=\"column\">\n\t\t\t<div class=\"elementor-widget-wrap elementor-element-populated\">\n\t\t\t\t\t\t<div class=\"elementor-element elementor-element-d69217a elementor-widget elementor-widget-penci-fancy_heading\" data-id=\"d69217a\" data-element_type=\"widget\" data-widget_type=\"penci-fancy_heading.default\">\n\t\t\t\t<div class=\"elementor-widget-container\">\n\t\t\t\t\t\t\t<div class=\"penci-fancy-heading penci-heading-text-left\">\n\t\t\t<div class=\"penci-fancy-heading-inner\">\n\t\t\t\t<h2 class=\"penci-heading-title\"><span class=\"inner-tit\">Ba\u011f\u0131\u015f \/ Destek<\/span><\/h2><div class=\"penci-heading-content entry-content\"><p>\u00c7\u00f6lyakl\u0131 bireyler i\u00e7in etkinliklerimizi aktif bir \u015fekilde s\u00fcrd\u00fcrebilmek, sa\u011flad\u0131\u011f\u0131m\u0131z destekleri artt\u0131rmak ve projelerimizi ger\u00e7ekle\u015ftirebilmek i\u00e7in deste\u011finize ihtiya\u00e7 duyuyoruz. Nakit ba\u011f\u0131\u015f yapabilece\u011finiz gibi \u00e7\u00f6lyakl\u0131 \u00fcyelerimiz i\u00e7in anla\u015fmal\u0131 firmalar\u0131n yard\u0131m kolilerini hediye olarak alabilirsiniz. <\/p>\n<\/div>\t\t\t<\/div>\n\t\t<\/div>\n\t\t\t\t\t\t<\/div>\n\t\t\t\t<\/div>\n\t\t\t\t\t<\/div>\n\t\t<\/div>\n\t\t\t\t<div class=\"penci-ercol-50 penci-ercol-order-2 penci-sticky-ct    elementor-column elementor-col-50 elementor-top-column elementor-element elementor-element-086d80c\" data-id=\"086d80c\" data-element_type=\"column\">\n\t\t\t<div class=\"elementor-widget-wrap elementor-element-populated\">\n\t\t\t\t\t\t<div class=\"elementor-element elementor-element-82db6a1 elementor-align-center elementor-widget elementor-widget-button\" data-id=\"82db6a1\" data-element_type=\"widget\" data-widget_type=\"button.default\">\n\t\t\t\t<div class=\"elementor-widget-container\">\n\t\t\t\t\t\t\t\t\t<div class=\"elementor-button-wrapper\">\n\t\t\t\t\t<a class=\"elementor-button elementor-button-link elementor-size-md\" href=\"https:\/\/colyakvakfi.org\/uye-gonullu-formu\/\" target=\"_blank\">\n\t\t\t\t\t\t<span class=\"elementor-button-content-wrapper\">\n\t\t\t\t\t\t<span class=\"elementor-button-icon\">\n\t\t\t\t<i aria-hidden=\"true\" class=\"far fa-grin-hearts\"><\/i>\t\t\t<\/span>\n\t\t\t\t\t\t\t\t\t<span class=\"elementor-button-text\">Destek  Al<\/span>\n\t\t\t\t\t<\/span>\n\t\t\t\t\t<\/a>\n\t\t\t\t<\/div>\n\t\t\t\t\t\t\t\t<\/div>\n\t\t\t\t<\/div>\n\t\t\t\t<div class=\"elementor-element elementor-element-4d25870 elementor-align-center elementor-widget elementor-widget-button\" data-id=\"4d25870\" data-element_type=\"widget\" data-widget_type=\"button.default\">\n\t\t\t\t<div class=\"elementor-widget-container\">\n\t\t\t\t\t\t\t\t\t<div class=\"elementor-button-wrapper\">\n\t\t\t\t\t<a class=\"elementor-button elementor-button-link elementor-size-md\" href=\"https:\/\/colyakvakfi.org\/uye-gonullu-formu\/\" target=\"_blank\">\n\t\t\t\t\t\t<span class=\"elementor-button-content-wrapper\">\n\t\t\t\t\t\t<span class=\"elementor-button-icon\">\n\t\t\t\t<i aria-hidden=\"true\" class=\"fas fa-hand-holding-heart\"><\/i>\t\t\t<\/span>\n\t\t\t\t\t\t\t\t\t<span class=\"elementor-button-text\">G\u00f6n\u00fcll\u00fc Ol<\/span>\n\t\t\t\t\t<\/span>\n\t\t\t\t\t<\/a>\n\t\t\t\t<\/div>\n\t\t\t\t\t\t\t\t<\/div>\n\t\t\t\t<\/div>\n\t\t\t\t\t<\/div>\n\t\t<\/div>\n\t\t\t\t\t<\/div>\n\t\t<\/section>\n\t\t\t\t<section class=\"penci-section penci-disSticky penci-structure-20 elementor-section elementor-top-section elementor-element elementor-element-5e91827 elementor-section-content-middle elementor-section-boxed elementor-section-height-default elementor-section-height-default\" data-id=\"5e91827\" data-element_type=\"section\">\n\t\t\t\t\t\t<div class=\"elementor-container elementor-column-gap-wider\">\n\t\t\t\t\t<div class=\"penci-ercol-50 penci-ercol-order-1 penci-sticky-ct    elementor-column elementor-col-50 elementor-top-column elementor-element elementor-element-d12b8f4\" data-id=\"d12b8f4\" data-element_type=\"column\">\n\t\t\t<div class=\"elementor-widget-wrap elementor-element-populated\">\n\t\t\t\t\t\t<div class=\"elementor-element elementor-element-a16e301 elementor-widget elementor-widget-penci-info-box\" data-id=\"a16e301\" data-element_type=\"widget\" data-widget_type=\"penci-info-box.default\">\n\t\t\t\t<div class=\"elementor-widget-container\">\n\t\t\t\t\t        <div id=\"penci_info_box_77484\" class=\"penci-block-vc penci-info-box penci-ibox-float-left penci-view-default penci-shape-circle\">\n            <div class=\"penci-ibox-inner\">\n\t\t\t\t\t\t\t\t<div class=\"penci-ibox-icon penci-ibox-icon--icon penci-icon penci-tibox-icon\"><span class=\"penci-ibox-icon-fa\"><i class=\"penci-ibox-icon--i fa fa-money\" aria-hidden=\"true\"><\/i><\/span><\/div>                <div class=\"penci-ibox-content-wrap\">\n\t\t\t\t\t\t\t\t\t\t<h3\n                            class=\"penci-ibox-title\">Havale\/EFT Ba\u011f\u0131\u015flar\u0131n\u0131z<\/h3>\t\t\t\t\t\t\t\t\t\t                        <div class=\"penci-ibox-content\"><p>Ba\u011f\u0131\u015flar\u0131n\u0131z\u0131 havale\/ EFT yoluyla yapabilmek i\u00e7in kullanabilece\u011finiz banka\/hesap bilgileri:<\/p>\n<p><strong>Banka:<\/strong> Ziraat Bankas\u0131 Erenk\u00f6y \u015eubesi<\/p>\n<p><strong>Unvan: <\/strong>\u00c7\u00f6lyak Vakf\u0131\u00a0<\/p>\n<p><strong>A\u00e7\u0131klama: <\/strong>Ba\u011f\u0131\u015f\u00a0<\/p>\n<\/div>\t\t\t\t\t                <\/div>\n            <\/div>\n        <\/div>\n\t\t\t\t\t\t<\/div>\n\t\t\t\t<\/div>\n\t\t\t\t\t<\/div>\n\t\t<\/div>\n\t\t\t\t<div class=\"penci-ercol-50 penci-ercol-order-2 penci-sticky-ct    elementor-column elementor-col-50 elementor-top-column elementor-element elementor-element-e95e68f\" data-id=\"e95e68f\" data-element_type=\"column\">\n\t\t\t<div class=\"elementor-widget-wrap elementor-element-populated\">\n\t\t\t\t\t\t<div class=\"elementor-element elementor-element-9cb46da elementor-widget elementor-widget-penci-info-box\" data-id=\"9cb46da\" data-element_type=\"widget\" data-widget_type=\"penci-info-box.default\">\n\t\t\t\t<div class=\"elementor-widget-container\">\n\t\t\t\t\t        <div id=\"penci_info_box_1935\" class=\"penci-block-vc penci-info-box penci-ibox-float-left penci-view-default penci-shape-circle\">\n            <div class=\"penci-ibox-inner\">\n\t\t\t\t\t\t\t\t<div class=\"penci-ibox-icon penci-ibox-icon--icon penci-icon penci-tibox-icon\"><span class=\"penci-ibox-icon-fa\"><i class=\"penci-ibox-icon--i fa fa-turkish-lira\" aria-hidden=\"true\"><\/i><\/span><\/div>                <div class=\"penci-ibox-content-wrap\">\n\t\t\t\t\t\t\t\t\t\t\t\t\t\t\t\t\t\t\t\t                        <div class=\"penci-ibox-content\"><p><strong>TL Hesab\u0131:<\/strong> TR 8900 0100 0953 9770 4678 5001<\/p>\n<\/div>\t\t\t\t\t                <\/div>\n            <\/div>\n        <\/div>\n\t\t\t\t\t\t<\/div>\n\t\t\t\t<\/div>\n\t\t\t\t<div class=\"elementor-element elementor-element-02dc558 elementor-widget elementor-widget-penci-info-box\" data-id=\"02dc558\" data-element_type=\"widget\" data-widget_type=\"penci-info-box.default\">\n\t\t\t\t<div class=\"elementor-widget-container\">\n\t\t\t\t\t        <div id=\"penci_info_box_55414\" class=\"penci-block-vc penci-info-box penci-ibox-float-left penci-view-default penci-shape-circle\">\n            <div class=\"penci-ibox-inner\">\n\t\t\t\t\t\t\t\t<div class=\"penci-ibox-icon penci-ibox-icon--icon penci-icon penci-tibox-icon\"><span class=\"penci-ibox-icon-fa\"><i class=\"penci-ibox-icon--i fa fa-dollar\" aria-hidden=\"true\"><\/i><\/span><\/div>                <div class=\"penci-ibox-content-wrap\">\n\t\t\t\t\t\t\t\t\t\t\t\t\t\t\t\t\t\t\t\t                        <div class=\"penci-ibox-content\"><p><strong>USD Hesab\u0131:<\/strong> TR 6200 0100 0953 9770 4678 5002<\/p>\n<\/div>\t\t\t\t\t                <\/div>\n            <\/div>\n        <\/div>\n\t\t\t\t\t\t<\/div>\n\t\t\t\t<\/div>\n\t\t\t\t<div class=\"elementor-element elementor-element-094e452 elementor-widget elementor-widget-penci-info-box\" data-id=\"094e452\" data-element_type=\"widget\" data-widget_type=\"penci-info-box.default\">\n\t\t\t\t<div class=\"elementor-widget-container\">\n\t\t\t\t\t        <div id=\"penci_info_box_89204\" class=\"penci-block-vc penci-info-box penci-ibox-float-left penci-view-default penci-shape-circle\">\n            <div class=\"penci-ibox-inner\">\n\t\t\t\t\t\t\t\t<div class=\"penci-ibox-icon penci-ibox-icon--icon penci-icon penci-tibox-icon\"><span class=\"penci-ibox-icon-fa\"><i class=\"penci-ibox-icon--i fa fa-euro\" aria-hidden=\"true\"><\/i><\/span><\/div>                <div class=\"penci-ibox-content-wrap\">\n\t\t\t\t\t\t\t\t\t\t\t\t\t\t\t\t\t\t\t\t                        <div class=\"penci-ibox-content\"><p><strong>Euro Hesab\u0131:<\/strong> TR 3500 0100 0953 9770 4678 5003<\/p>\n<\/div>\t\t\t\t\t                <\/div>\n            <\/div>\n        <\/div>\n\t\t\t\t\t\t<\/div>\n\t\t\t\t<\/div>\n\t\t\t\t\t<\/div>\n\t\t<\/div>\n\t\t\t\t\t<\/div>\n\t\t<\/section>\n\t\t\t\t<section class=\"penci-section penci-dmcheck penci-elbg-activate penci-disSticky penci-structure-20 elementor-section elementor-top-section elementor-element elementor-element-9e4ef61 elementor-section-content-middle elementor-section-boxed elementor-section-height-default elementor-section-height-default\" data-id=\"9e4ef61\" data-element_type=\"section\" data-settings=\"{&quot;background_background&quot;:&quot;classic&quot;}\">\n\t\t\t\t\t\t<div class=\"elementor-container elementor-column-gap-wider\">\n\t\t\t\t\t<div class=\"penci-ercol-50 penci-ercol-order-1 penci-sticky-ct    elementor-column elementor-col-50 elementor-top-column elementor-element elementor-element-c5d4fbc\" data-id=\"c5d4fbc\" data-element_type=\"column\">\n\t\t\t<div class=\"elementor-widget-wrap elementor-element-populated\">\n\t\t\t\t\t\t<div class=\"elementor-element elementor-element-7467b77 elementor-widget elementor-widget-penci-info-box\" data-id=\"7467b77\" data-element_type=\"widget\" data-widget_type=\"penci-info-box.default\">\n\t\t\t\t<div class=\"elementor-widget-container\">\n\t\t\t\t\t        <div id=\"penci_info_box_38425\" class=\"penci-block-vc penci-info-box penci-ibox-float-left penci-view-default penci-shape-circle\">\n            <div class=\"penci-ibox-inner\">\n\t\t\t\t\t\t\t\t<div class=\"penci-ibox-icon penci-ibox-icon--icon penci-icon penci-tibox-icon\"><span class=\"penci-ibox-icon-fa\"><i class=\"penci-ibox-icon--i fa fa-gift\" aria-hidden=\"true\"><\/i><\/span><\/div>                <div class=\"penci-ibox-content-wrap\">\n\t\t\t\t\t\t\t\t\t\t<h3\n                            class=\"penci-ibox-title\">Yard\u0131m Kolisi Ba\u011f\u0131\u015f\u0131<\/h3>\t\t\t\t\t\t\t\t\t\t                        <div class=\"penci-ibox-content\"><p>\u00c7\u00f6lyakl\u0131 \u00fcyelerimize glutensiz g\u0131da kolisi hediye etmek i\u00e7in anla\u015fmal\u0131 oldu\u011fumuz firmalar\u0131n websitelerinden sat\u0131n al\u0131m yapabilirsiniz.<\/p>\n<\/div>\t\t\t\t\t                <\/div>\n            <\/div>\n        <\/div>\n\t\t\t\t\t\t<\/div>\n\t\t\t\t<\/div>\n\t\t\t\t\t<\/div>\n\t\t<\/div>\n\t\t\t\t<div class=\"penci-ercol-50 penci-ercol-order-2 penci-sticky-ct    elementor-column elementor-col-50 elementor-top-column elementor-element elementor-element-b79e341\" data-id=\"b79e341\" data-element_type=\"column\">\n\t\t\t<div class=\"elementor-widget-wrap elementor-element-populated\">\n\t\t\t\t\t\t<div class=\"elementor-element elementor-element-76a3016 elementor-align-center elementor-widget elementor-widget-button\" data-id=\"76a3016\" data-element_type=\"widget\" data-widget_type=\"button.default\">\n\t\t\t\t<div class=\"elementor-widget-container\">\n\t\t\t\t\t\t\t\t\t<div class=\"elementor-button-wrapper\">\n\t\t\t\t\t<a class=\"elementor-button elementor-button-link elementor-size-md\" href=\"https:\/\/colyakvakfi.org\/iletisim\/\" target=\"_blank\">\n\t\t\t\t\t\t<span class=\"elementor-button-content-wrapper\">\n\t\t\t\t\t\t<span class=\"elementor-button-icon\">\n\t\t\t\t<i aria-hidden=\"true\" class=\"fas fa-gift\"><\/i>\t\t\t<\/span>\n\t\t\t\t\t\t\t\t\t<span class=\"elementor-button-text\">YARDIM KOL\u0130S\u0130 Ba\u011f\u0131\u015f\u0131 yap<\/span>\n\t\t\t\t\t<\/span>\n\t\t\t\t\t<\/a>\n\t\t\t\t<\/div>\n\t\t\t\t\t\t\t\t<\/div>\n\t\t\t\t<\/div>\n\t\t\t\t\t<\/div>\n\t\t<\/div>\n\t\t\t\t\t<\/div>\n\t\t<\/section>\n\t\t\t\t<\/div>\n\t\t","protected":false},"excerpt":{"rendered":"<p>Ba\u011f\u0131\u015f \/ Destek \u00c7\u00f6lyakl\u0131 bireyler i\u00e7in etkinliklerimizi aktif bir \u015fekilde s\u00fcrd\u00fcrebilmek, sa\u011flad\u0131\u011f\u0131m\u0131z destekleri artt\u0131rmak ve projelerimizi ger\u00e7ekle\u015ftirebilmek i\u00e7in deste\u011finize ihtiya\u00e7 duyuyoruz. Nakit ba\u011f\u0131\u015f yapabilece\u011finiz gibi \u00e7\u00f6lyakl\u0131 \u00fcyelerimiz i\u00e7in anla\u015fmal\u0131 firmalar\u0131n&hellip;<\/p>\n","protected":false},"author":1,"featured_media":0,"parent":0,"menu_order":0,"comment_status":"closed","ping_status":"closed","template":"page-fullwidth.php","meta":{"give_campaign_id":0,"_lmt_disableupdate":"","_lmt_disable":"","footnotes":""},"class_list":["post-693","page","type-page","status-publish","hentry"],"yoast_head":"<!-- This site is optimized with the Yoast SEO plugin v24.9 - https:\/\/yoast.com\/wordpress\/plugins\/seo\/ -->\n<title>Ba\u011f\u0131\u015f \/ Destek - \u00c7\u00f6lyak Vakf\u0131<\/title>\n<meta name=\"robots\" content=\"index, follow, max-snippet:-1, max-image-preview:large, max-video-preview:-1\" \/>\n<link rel=\"canonical\" href=\"https:\/\/otoson.com.tr\/demo\/bagis-destek\/\" \/>\n<meta property=\"og:locale\" content=\"tr_TR\" \/>\n<meta property=\"og:type\" content=\"article\" \/>\n<meta property=\"og:title\" content=\"Ba\u011f\u0131\u015f \/ Destek - \u00c7\u00f6lyak Vakf\u0131\" \/>\n<meta property=\"og:description\" content=\"Ba\u011f\u0131\u015f \/ Destek \u00c7\u00f6lyakl\u0131 bireyler i\u00e7in etkinliklerimizi aktif bir \u015fekilde s\u00fcrd\u00fcrebilmek, sa\u011flad\u0131\u011f\u0131m\u0131z destekleri artt\u0131rmak ve projelerimizi ger\u00e7ekle\u015ftirebilmek i\u00e7in deste\u011finize ihtiya\u00e7 duyuyoruz. Nakit ba\u011f\u0131\u015f yapabilece\u011finiz gibi \u00e7\u00f6lyakl\u0131 \u00fcyelerimiz i\u00e7in anla\u015fmal\u0131 firmalar\u0131n&hellip;\" \/>\n<meta property=\"og:url\" content=\"https:\/\/otoson.com.tr\/demo\/bagis-destek\/\" \/>\n<meta property=\"og:site_name\" content=\"\u00c7\u00f6lyak Vakf\u0131\" \/>\n<meta property=\"article:modified_time\" content=\"2024-04-17T09:30:02+00:00\" \/>\n<meta name=\"twitter:card\" content=\"summary_large_image\" \/>\n<meta name=\"twitter:site\" content=\"@colyakvakfi\" \/>\n<meta name=\"twitter:label1\" content=\"Tahmini okuma s\u00fcresi\" \/>\n\t<meta name=\"twitter:data1\" content=\"1 dakika\" \/>\n<script type=\"application\/ld+json\" class=\"yoast-schema-graph\">{\"@context\":\"https:\/\/schema.org\",\"@graph\":[{\"@type\":\"WebPage\",\"@id\":\"https:\/\/otoson.com.tr\/demo\/bagis-destek\/\",\"url\":\"https:\/\/otoson.com.tr\/demo\/bagis-destek\/\",\"name\":\"Ba\u011f\u0131\u015f \/ Destek - \u00c7\u00f6lyak Vakf\u0131\",\"isPartOf\":{\"@id\":\"https:\/\/otoson.com.tr\/demo\/#website\"},\"datePublished\":\"2024-04-06T09:39:30+00:00\",\"dateModified\":\"2024-04-17T09:30:02+00:00\",\"breadcrumb\":{\"@id\":\"https:\/\/otoson.com.tr\/demo\/bagis-destek\/#breadcrumb\"},\"inLanguage\":\"tr\",\"potentialAction\":[{\"@type\":\"ReadAction\",\"target\":[\"https:\/\/otoson.com.tr\/demo\/bagis-destek\/\"]}]},{\"@type\":\"BreadcrumbList\",\"@id\":\"https:\/\/otoson.com.tr\/demo\/bagis-destek\/#breadcrumb\",\"itemListElement\":[{\"@type\":\"ListItem\",\"position\":1,\"name\":\"Ana Sayfa\",\"item\":\"https:\/\/otoson.com.tr\/demo\/\"},{\"@type\":\"ListItem\",\"position\":2,\"name\":\"Ba\u011f\u0131\u015f \/ Destek\"}]},{\"@type\":\"WebSite\",\"@id\":\"https:\/\/otoson.com.tr\/demo\/#website\",\"url\":\"https:\/\/otoson.com.tr\/demo\/\",\"name\":\"\u00c7\u00f6lyak Vakf\u0131\",\"description\":\"Her lokmada \u00f6zg\u00fcrl\u00fck, her ad\u0131mda dayan\u0131\u015fma\",\"publisher\":{\"@id\":\"https:\/\/otoson.com.tr\/demo\/#organization\"},\"potentialAction\":[{\"@type\":\"SearchAction\",\"target\":{\"@type\":\"EntryPoint\",\"urlTemplate\":\"https:\/\/otoson.com.tr\/demo\/?s={search_term_string}\"},\"query-input\":{\"@type\":\"PropertyValueSpecification\",\"valueRequired\":true,\"valueName\":\"search_term_string\"}}],\"inLanguage\":\"tr\"},{\"@type\":\"Organization\",\"@id\":\"https:\/\/otoson.com.tr\/demo\/#organization\",\"name\":\"\u00c7\u00f6lyak Vakf\u0131\",\"url\":\"https:\/\/otoson.com.tr\/demo\/\",\"logo\":{\"@type\":\"ImageObject\",\"inLanguage\":\"tr\",\"@id\":\"https:\/\/otoson.com.tr\/demo\/#\/schema\/logo\/image\/\",\"url\":\"https:\/\/colyakvakfi.org\/wp-content\/uploads\/2024\/03\/CVLogo.png\",\"contentUrl\":\"https:\/\/colyakvakfi.org\/wp-content\/uploads\/2024\/03\/CVLogo.png\",\"width\":250,\"height\":250,\"caption\":\"\u00c7\u00f6lyak Vakf\u0131\"},\"image\":{\"@id\":\"https:\/\/otoson.com.tr\/demo\/#\/schema\/logo\/image\/\"},\"sameAs\":[\"https:\/\/x.com\/colyakvakfi\",\"https:\/\/instagram.com\/colyakvakfi\"]}]}<\/script>\n<!-- \/ Yoast SEO plugin. -->","yoast_head_json":{"title":"Ba\u011f\u0131\u015f \/ Destek - \u00c7\u00f6lyak Vakf\u0131","robots":{"index":"index","follow":"follow","max-snippet":"max-snippet:-1","max-image-preview":"max-image-preview:large","max-video-preview":"max-video-preview:-1"},"canonical":"https:\/\/otoson.com.tr\/demo\/bagis-destek\/","og_locale":"tr_TR","og_type":"article","og_title":"Ba\u011f\u0131\u015f \/ Destek - \u00c7\u00f6lyak Vakf\u0131","og_description":"Ba\u011f\u0131\u015f \/ Destek \u00c7\u00f6lyakl\u0131 bireyler i\u00e7in etkinliklerimizi aktif bir \u015fekilde s\u00fcrd\u00fcrebilmek, sa\u011flad\u0131\u011f\u0131m\u0131z destekleri artt\u0131rmak ve projelerimizi ger\u00e7ekle\u015ftirebilmek i\u00e7in deste\u011finize ihtiya\u00e7 duyuyoruz. Nakit ba\u011f\u0131\u015f yapabilece\u011finiz gibi \u00e7\u00f6lyakl\u0131 \u00fcyelerimiz i\u00e7in anla\u015fmal\u0131 firmalar\u0131n&hellip;","og_url":"https:\/\/otoson.com.tr\/demo\/bagis-destek\/","og_site_name":"\u00c7\u00f6lyak Vakf\u0131","article_modified_time":"2024-04-17T09:30:02+00:00","twitter_card":"summary_large_image","twitter_site":"@colyakvakfi","twitter_misc":{"Tahmini okuma s\u00fcresi":"1 dakika"},"schema":{"@context":"https:\/\/schema.org","@graph":[{"@type":"WebPage","@id":"https:\/\/otoson.com.tr\/demo\/bagis-destek\/","url":"https:\/\/otoson.com.tr\/demo\/bagis-destek\/","name":"Ba\u011f\u0131\u015f \/ Destek - \u00c7\u00f6lyak Vakf\u0131","isPartOf":{"@id":"https:\/\/otoson.com.tr\/demo\/#website"},"datePublished":"2024-04-06T09:39:30+00:00","dateModified":"2024-04-17T09:30:02+00:00","breadcrumb":{"@id":"https:\/\/otoson.com.tr\/demo\/bagis-destek\/#breadcrumb"},"inLanguage":"tr","potentialAction":[{"@type":"ReadAction","target":["https:\/\/otoson.com.tr\/demo\/bagis-destek\/"]}]},{"@type":"BreadcrumbList","@id":"https:\/\/otoson.com.tr\/demo\/bagis-destek\/#breadcrumb","itemListElement":[{"@type":"ListItem","position":1,"name":"Ana Sayfa","item":"https:\/\/otoson.com.tr\/demo\/"},{"@type":"ListItem","position":2,"name":"Ba\u011f\u0131\u015f \/ Destek"}]},{"@type":"WebSite","@id":"https:\/\/otoson.com.tr\/demo\/#website","url":"https:\/\/otoson.com.tr\/demo\/","name":"\u00c7\u00f6lyak Vakf\u0131","description":"Her lokmada \u00f6zg\u00fcrl\u00fck, her ad\u0131mda dayan\u0131\u015fma","publisher":{"@id":"https:\/\/otoson.com.tr\/demo\/#organization"},"potentialAction":[{"@type":"SearchAction","target":{"@type":"EntryPoint","urlTemplate":"https:\/\/otoson.com.tr\/demo\/?s={search_term_string}"},"query-input":{"@type":"PropertyValueSpecification","valueRequired":true,"valueName":"search_term_string"}}],"inLanguage":"tr"},{"@type":"Organization","@id":"https:\/\/otoson.com.tr\/demo\/#organization","name":"\u00c7\u00f6lyak Vakf\u0131","url":"https:\/\/otoson.com.tr\/demo\/","logo":{"@type":"ImageObject","inLanguage":"tr","@id":"https:\/\/otoson.com.tr\/demo\/#\/schema\/logo\/image\/","url":"https:\/\/colyakvakfi.org\/wp-content\/uploads\/2024\/03\/CVLogo.png","contentUrl":"https:\/\/colyakvakfi.org\/wp-content\/uploads\/2024\/03\/CVLogo.png","width":250,"height":250,"caption":"\u00c7\u00f6lyak Vakf\u0131"},"image":{"@id":"https:\/\/otoson.com.tr\/demo\/#\/schema\/logo\/image\/"},"sameAs":["https:\/\/x.com\/colyakvakfi","https:\/\/instagram.com\/colyakvakfi"]}]}},"campaignId":"","_links":{"self":[{"href":"https:\/\/otoson.com.tr\/demo\/wp-json\/wp\/v2\/pages\/693","targetHints":{"allow":["GET"]}}],"collection":[{"href":"https:\/\/otoson.com.tr\/demo\/wp-json\/wp\/v2\/pages"}],"about":[{"href":"https:\/\/otoson.com.tr\/demo\/wp-json\/wp\/v2\/types\/page"}],"author":[{"embeddable":true,"href":"https:\/\/otoson.com.tr\/demo\/wp-json\/wp\/v2\/users\/1"}],"replies":[{"embeddable":true,"href":"https:\/\/otoson.com.tr\/demo\/wp-json\/wp\/v2\/comments?post=693"}],"version-history":[{"count":44,"href":"https:\/\/otoson.com.tr\/demo\/wp-json\/wp\/v2\/pages\/693\/revisions"}],"predecessor-version":[{"id":1211,"href":"https:\/\/otoson.com.tr\/demo\/wp-json\/wp\/v2\/pages\/693\/revisions\/1211"}],"wp:attachment":[{"href":"https:\/\/otoson.com.tr\/demo\/wp-json\/wp\/v2\/media?parent=693"}],"curies":[{"name":"wp","href":"https:\/\/api.w.org\/{rel}","templated":true}]}}